{"id":1039,"date":"2020-11-03T11:18:36","date_gmt":"2020-11-03T10:18:36","guid":{"rendered":"http:\/\/mazetbeaute.fr\/?page_id=1039"},"modified":"2020-11-03T11:21:01","modified_gmt":"2020-11-03T10:21:01","slug":"politique-de-confidentialite","status":"publish","type":"page","link":"http:\/\/mazetbeaute.fr\/en\/politique-de-confidentialite\/","title":{"rendered":"Politique de confidentialit\u00e9"},"content":{"rendered":"<p>[et_pb_section fb_built=&#8221;1&#8243; _builder_version=&#8221;3.22&#8243;][et_pb_row _builder_version=&#8221;4.4.7&#8243;][et_pb_column type=&#8221;4_4&#8243; _builder_version=&#8221;4.4.7&#8243;][et_pb_text _builder_version=&#8221;4.4.7&#8243; hover_enabled=&#8221;0&#8243;]<\/p>\n<h1 class=\"entry-title main_title\">Politique de confidentialit\u00e9<\/h1>\n<div class=\"entry-content\">\n<div class=\"entry-content\">\n<p>Devant le d\u00e9veloppement des nouveaux outils de communication, il est n\u00e9cessaire de porter une attention particuli\u00e8re \u00e0 la protection de la vie priv\u00e9e. C\u2019est pourquoi, nous nous engageons \u00e0 respecter la confidentialit\u00e9 des renseignements personnels que nous collectons.<\/p>\n<p><strong>Qui sommes-nous ?<\/strong><br \/>L\u2019adresse de notre site Web est : mazetbeaute.fr. C\u2019est le site officiel de MAZET BEAUTE, dont le si\u00e8ge social est situ\u00e9 : <span class=\"aCOpRe\"><span>ZA Route de Tence 43520 LE <em>MAZET<\/em> SAINT VOY<\/span><\/span><br \/>Ce site est h\u00e9berg\u00e9 par OVH, 2 Rue Kellermann, 59100 Roubaix t\u00e9l. 09 72 10 10 07, agissant pour notre compte en tant que prestataire de service.<\/p>\n<p><strong>Quel type d\u2019informations collectons-nous?<\/strong><br \/>En g\u00e9n\u00e9ral, vous pouvez visiter notre site sans nous dire qui vous \u00eates et sans nous fournir d\u2019information personnelle. Certaines informations peuvent cependant \u00eatre recueillies, plus particuli\u00e8rement lorsque nous correspondons avec vous. Ainsi lorsque vous nous appelez, nous envoyez un e-mail ou utilisez le formulaire de contact, vos donn\u00e9es personnelles, votre adresse, l\u2019objet de votre message et tout autre information que vous choisissez de partager avec nous seront utilis\u00e9s afin de traiter et de suivre vos demandes.<\/p>\n<p><strong>Collecte d\u2019informations personnelles<\/strong><br \/>Les informations personnelles que nous recueillons comprennent, sans que cette liste soit exhaustive, votre nom, votre pr\u00e9nom, votre adresse postale, votre adresse courriel, votre num\u00e9ro de t\u00e9l\u00e9phone fixe et\/ou portable.<br \/>Ces renseignements personnels sont recueillis au travers de formulaires et gr\u00e2ce \u00e0 l\u2019interactivit\u00e9 \u00e9tablie entre vous et notre site Web.<\/p>\n<p><strong>Cookies<br \/><\/strong>Un cookie est un petit fichier plac\u00e9 sur votre terminal (ordinateur, votre tablette ou votre appareil mobile) par un site Internet ou une application mobile. Un cookie ne contient aucune information intelligible mais permet de faire le lien entre un terminal et d\u2019autres informations relatives \u00e0 votre exp\u00e9rience sur un site internet, ainsi que les pr\u00e9f\u00e9rences que vous pourriez exprimer en l\u2019utilisant.<br \/>Certains contenus de notre site web peuvent utiliser des cookies, destin\u00e9s \u00e0 identifier le logiciel de navigation de votre ordinateur ou de l\u2019appareil mobile pendant que vous naviguez sur notre site. Cela permet de naviguer sans avoir \u00e0 renseigner de nouveau d\u2019informations personnelles pour chaque nouvelle page, ou bien de personnaliser votre exp\u00e9rience de navigation sur notre site.<br \/>Personne d\u2019autre que nous ne peut avoir acc\u00e8s aux informations contenues dans les cookies diffus\u00e9s par nos serveurs.<br \/>Vous disposez, \u00e0 tout moment, de la facult\u00e9 d\u2019emp\u00eacher l\u2019utilisation des cookies en modifiant les param\u00e8tres de votre navigateur internet.<br \/> Si vous avez bloqu\u00e9 ou supprim\u00e9 certains cookies, nous ne pouvons pas vous assurer que toutes les pages Web ou que tous les Services pourront \u00eatre affich\u00e9s.<\/p>\n<p><strong>Qui a acc\u00e8s \u00e0 vos informations?<br \/><\/strong>Les informations recueillies sur vous peuvent \u00eatre utilis\u00e9es pour vous fournir des informations sur nos services et nos produits, et pour traiter et suivre les demandes que vous nous formulez via notre formulaire de contact.<br \/>Toutes les pr\u00e9cautions ont \u00e9t\u00e9 prises sur nos bases de donn\u00e9es pour conserver vos informations dans un environnement s\u00e9curis\u00e9. Seulement un petit nombre de nos salari\u00e9s ont acc\u00e8s \u00e0 vos informations, qui ne sont accessibles qu\u2019en cas de n\u00e9cessit\u00e9. Les informations personnelles que vous nous fournissez ne sont ni accessibles aux tiers, ni transmises, ni vendues ou \u00e9chang\u00e9es<\/p>\n<p><strong>Vos droits<br \/><\/strong>Vous pouvez acc\u00e9der ou demander \u00e0 acc\u00e9der aux informations vous concernant pour les modifier, les supprimer ou nous interdire de les utiliser. Vous pouvez effectuer une telle demande en adressant un courriel \u00e0 cette adresse \u00e9lectronique\u00a0: sebastien.ailleret@electroniquedumazet.com<\/p>\n<p><strong>S\u00e9curit\u00e9<br \/><\/strong>Pour assurer la s\u00e9curit\u00e9 de vos renseignements personnels, nous avons recours aux mesures suivantes :<br \/> \u2022 Protocole SSL (Secure Sockets Layer)<br \/> \u2022 Sauvegarde informatique<br \/> \u2022 Identifiant \/ mot de passe<br \/> \u2022 Pare-feu (Firewalls)<\/p>\n<p>Nous nous engageons \u00e0 maintenir un haut degr\u00e9 de confidentialit\u00e9 en int\u00e9grant les derni\u00e8res innovations technologiques permettant d\u2019assurer la confidentialit\u00e9 de vos transactions. Toutefois, comme aucun m\u00e9canisme n\u2019offre une s\u00e9curit\u00e9 maximale, une part de risque est toujours pr\u00e9sente lorsque l\u2019on utilise Internet pour transmettre des renseignements personnels.<\/p>\n<p><strong>L\u00e9gislation<br \/><\/strong>Nous nous nous engageons \u00e0 respecter les dispositions l\u00e9gislatives fran\u00e7aise dans le cadre de la nouvelle loi RGDP du 25 mai 2018.<\/p>\n<\/div>\n<\/div>\n<p>[\/et_pb_text][\/et_pb_column][\/et_pb_row][\/et_pb_section]<\/p>\n","protected":false},"excerpt":{"rendered":"<p>Politique de confidentialit\u00e9 Devant le d\u00e9veloppement des nouveaux outils de communication, il est n\u00e9cessaire de porter une attention particuli\u00e8re \u00e0 la protection de la vie priv\u00e9e. C\u2019est pourquoi, nous nous engageons \u00e0 respecter la confidentialit\u00e9 des renseignements personnels que nous collectons. Qui sommes-nous ?L\u2019adresse de notre site Web est : mazetbeaute.fr. C\u2019est le site officiel [&hellip;]<\/p>\n","protected":false},"author":2,"featured_media":0,"parent":0,"menu_order":0,"comment_status":"closed","ping_status":"closed","template":"","meta":{"_et_pb_use_builder":"on","_et_pb_old_content":"<div id=\"pl-188\"  class=\"panel-layout\" ><div id=\"pg-188-0\"  class=\"panel-grid panel-no-style\"  data-style=\"{\"background_image_attachment\":false,\"background_display\":\"tile\",\"cell_alignment\":\"flex-start\"}\"  data-ratio=\"1\"  data-ratio-direction=\"right\" ><div id=\"pgc-188-0-0\"  class=\"panel-grid-cell\"  data-weight=\"0.29965753424658\" ><div id=\"panel-188-0-0-0\" class=\"so-panel widget widget_sow-image panel-first-child panel-last-child\" data-index=\"0\" data-style=\"{\"background_image_attachment\":false,\"background_display\":\"tile\"}\" >[siteorigin_widget class=\"SiteOrigin_Widget_Image_Widget\"]<input type=\"hidden\" value=\"{\"instance\":{\"image\":564,\"image_fallback\":\"\",\"size\":\"full\",\"align\":\"default\",\"title_align\":\"default\",\"title\":\"\",\"title_position\":\"hidden\",\"alt\":\"\",\"url\":\"\",\"bound\":true,\"full_width\":true,\"_sow_form_id\":\"502101145af015fe9946b896430083\",\"_sow_form_timestamp\":\"1526551580358\",\"new_window\":false},\"args\":{\"before_widget\":\"<div id=\"panel-188-0-0-0\" class=\"so-panel widget widget_sow-image panel-first-child panel-last-child\" data-index=\"0\" data-style=\"{&quot;background_image_attachment&quot;:false,&quot;background_display&quot;:&quot;tile&quot;}\" >\",\"after_widget\":\"<\/div>\",\"before_title\":\"<h3 class=\"widget-title\">\",\"after_title\":\"<\/h3>\",\"widget_id\":\"widget-0-0-0\"}}\" \/>[\/siteorigin_widget]<\/div><\/div><div id=\"pgc-188-0-1\"  class=\"panel-grid-cell\"  data-weight=\"0.70034246575342\" ><div id=\"panel-188-0-1-0\" class=\"so-panel widget widget_black-studio-tinymce widget_black_studio_tinymce panel-first-child panel-last-child\" data-index=\"1\" data-style=\"{\"background_image_attachment\":false,\"background_display\":\"tile\"}\" ><div class=\"textwidget\"><h4><span style=\"color: #1e3759;\"><strong>Responsable \u00e9ditorial :<\/strong><\/span>\r\nAILLERET S\u00e9bastien<\/h4>\r\n<h4><span style=\"color: #1e3759;\"><strong>Responsable technique :<\/strong><\/span>\r\nAILLERET S\u00e9bastien<\/h4>\r\n<h4><span style=\"color: #1e3759;\"><strong>H\u00e9bergement :<\/strong> :<\/span>\r\nOVH<\/h4>\r\n<h4><span style=\"color: #1e3759;\"><strong>Propri\u00e9t\u00e9 du site internet :<\/strong><\/span>\r\n<a href=\"http:\/\/www.mazetsante.fr\" target=\"_blank\" rel=\"noopener\">MAZET SANTE<\/a>\r\nToute reproduction du site, m\u00eame partielle, est strictement interdite sans l\u2019autorisation \u00e9crite pr\u00e9alable de\u00a0MAZET SANTE.<\/h4>\r\n<h4><span style=\"color: #1e3759;\"><strong>Cr\u00e9ation du site internet :<\/strong><\/span>\r\n<em><a href=\"http:\/\/www.graphitus.com\" target=\"_blank\" rel=\"noopener\">graphitus.com<\/a><\/em><\/h4><\/div><\/div><\/div><\/div><\/div>","_et_gb_content_width":"","footnotes":""},"class_list":["post-1039","page","type-page","status-publish","hentry"],"_links":{"self":[{"href":"http:\/\/mazetbeaute.fr\/en\/wp-json\/wp\/v2\/pages\/1039","targetHints":{"allow":["GET"]}}],"collection":[{"href":"http:\/\/mazetbeaute.fr\/en\/wp-json\/wp\/v2\/pages"}],"about":[{"href":"http:\/\/mazetbeaute.fr\/en\/wp-json\/wp\/v2\/types\/page"}],"author":[{"embeddable":true,"href":"http:\/\/mazetbeaute.fr\/en\/wp-json\/wp\/v2\/users\/2"}],"replies":[{"embeddable":true,"href":"http:\/\/mazetbeaute.fr\/en\/wp-json\/wp\/v2\/comments?post=1039"}],"version-history":[{"count":2,"href":"http:\/\/mazetbeaute.fr\/en\/wp-json\/wp\/v2\/pages\/1039\/revisions"}],"predecessor-version":[{"id":1042,"href":"http:\/\/mazetbeaute.fr\/en\/wp-json\/wp\/v2\/pages\/1039\/revisions\/1042"}],"wp:attachment":[{"href":"http:\/\/mazetbeaute.fr\/en\/wp-json\/wp\/v2\/media?parent=1039"}],"curies":[{"name":"wp","href":"https:\/\/api.w.org\/{rel}","templated":true}]}}