{"id":1034,"date":"2020-11-03T11:12:12","date_gmt":"2020-11-03T10:12:12","guid":{"rendered":"http:\/\/mazetbeaute.fr\/?page_id=1034"},"modified":"2020-11-03T11:18:03","modified_gmt":"2020-11-03T10:18:03","slug":"mentions-legales2","status":"publish","type":"page","link":"https:\/\/mazetbeaute.fr\/en\/mentions-legales2\/","title":{"rendered":"Mentions l\u00e9gales"},"content":{"rendered":"<p>[et_pb_section fb_built=&#8221;1&#8243; _builder_version=&#8221;3.22&#8243;][et_pb_row _builder_version=&#8221;4.4.7&#8243;][et_pb_column _builder_version=&#8221;4.4.7&#8243; type=&#8221;4_4&#8243;][et_pb_text _builder_version=&#8221;4.4.7&#8243; hover_enabled=&#8221;0&#8243;]<\/p>\n<h1 class=\"entry-title main_title\">Mentions l\u00e9gales<\/h1>\n<div class=\"entry-content\">\n<h2>Propri\u00e9t\u00e9 du site<\/h2>\n<p>MAZET SANTE<\/p>\n<h2>Confidentialit\u00e9<\/h2>\n<p>MAZET SANTE n\u2019enregistre pas d\u2019informations personnelles permettant l\u2019identification, \u00e0 l\u2019exception des formulaires que l\u2019utilisateur est libre de remplir. Ces informations ne seront pas utilis\u00e9es sans votre accord, nous les utiliserons seulement pour vous adresser des courriers, des brochures, des devis ou vous contacter.<\/p>\n<p>Les informations recueillies sur les sites b\u00e9n\u00e9ficient de la protection de la loi \u00ab\u00a0Informatique et Libert\u00e9s\u00a0\u00bb n\u00b0 78-17 du 06 janvier 1978. Elles b\u00e9n\u00e9ficient d\u2019un droit d\u2019acc\u00e8s, de rectification, d\u2019opposition \u00e0 communication et de suppression sur simple demande \u00e0 MAZET SANTE : sebastien.ailleret@electroniquedumazet.com<\/p>\n<p>MAZET SANTE pourra proc\u00e9der \u00e0 des analyses statistiques sans que celles-ci soient nominatives et pourra en informer des tiers (organismes d\u2019\u00e9valuation de fr\u00e9quentation) sous une forme r\u00e9sum\u00e9e et non nominative.<\/p>\n<h2>Utilisation de cookies<\/h2>\n<p>La gestion des commandes n\u00e9cessite l\u2019utilisation de cookies. Des informations non personnelles sont enregistr\u00e9es par ce syst\u00e8me de cookies (fichiers texte utilis\u00e9s pour reconna\u00eetre un utilisateur et ainsi faciliter son utilisation du site). Ceux-ci n\u2019ont aucune signification en dehors de leur utilisation sur le site mazetbeaute.fr<\/p>\n<h2>Liens hypertexte<\/h2>\n<p>MAZET SANTE ne contr\u00f4le pas les sites en connexion avec le sien, et ne saurait donc \u00eatre responsable de leur contenu. Les risques li\u00e9s \u00e0 l\u2019utilisation de ces sites incombent pleinement \u00e0 l\u2019utilisateur. Il se conformera \u00e0 leurs conditions d\u2019utilisation.<\/p>\n<h2>Editeur<\/h2>\n<p>S\u00e9bastien Ailleret<br \/> N\u00b0 de SIREN : 418 274 700<\/p>\n<h2>Directeur de la publication<\/h2>\n<p>S\u00e9bastien Ailleret<\/p>\n<h2>Webmaster<\/h2>\n<p>Fr\u00e9d\u00e9ric Capmartin, agence CityZen Com, 17 rue Raoul Dufy 18000 BOURGES<br \/> <a href=\"http:\/\/www.cityzencom.com\">Contacter le webmaster<\/a><\/p>\n<h2>H\u00e9bergement<\/h2>\n<h5>OVH<\/h5>\n<h5>SAS au capital de 10\u00a0059\u00a0500\u00a0\u20ac<\/h5>\n<p>RCS Lille M\u00e9tropole 424 761 419 00045<br \/> Code APE 6202A<br \/> N\u00b0 TVA : FR 22 424 761 419<br \/> Si\u00e8ge social : 2 rue Kellermann \u2013 59100 Roubaix \u2013 France.<\/p>\n<\/div>\n<p>[\/et_pb_text][\/et_pb_column][\/et_pb_row][\/et_pb_section]<\/p>\n","protected":false},"excerpt":{"rendered":"<p>Mentions l\u00e9gales Propri\u00e9t\u00e9 du site MAZET SANTE Confidentialit\u00e9 MAZET SANTE n\u2019enregistre pas d\u2019informations personnelles permettant l\u2019identification, \u00e0 l\u2019exception des formulaires que l\u2019utilisateur est libre de remplir. Ces informations ne seront pas utilis\u00e9es sans votre accord, nous les utiliserons seulement pour vous adresser des courriers, des brochures, des devis ou vous contacter. Les informations recueillies sur [&hellip;]<\/p>\n","protected":false},"author":2,"featured_media":0,"parent":0,"menu_order":0,"comment_status":"closed","ping_status":"closed","template":"","meta":{"_et_pb_use_builder":"on","_et_pb_old_content":"<div id=\"pl-188\"  class=\"panel-layout\" ><div id=\"pg-188-0\"  class=\"panel-grid panel-no-style\"  data-style=\"{\"background_image_attachment\":false,\"background_display\":\"tile\",\"cell_alignment\":\"flex-start\"}\"  data-ratio=\"1\"  data-ratio-direction=\"right\" ><div id=\"pgc-188-0-0\"  class=\"panel-grid-cell\"  data-weight=\"0.29965753424658\" ><div id=\"panel-188-0-0-0\" class=\"so-panel widget widget_sow-image panel-first-child panel-last-child\" data-index=\"0\" data-style=\"{\"background_image_attachment\":false,\"background_display\":\"tile\"}\" >[siteorigin_widget class=\"SiteOrigin_Widget_Image_Widget\"]<input type=\"hidden\" value=\"{\"instance\":{\"image\":564,\"image_fallback\":\"\",\"size\":\"full\",\"align\":\"default\",\"title_align\":\"default\",\"title\":\"\",\"title_position\":\"hidden\",\"alt\":\"\",\"url\":\"\",\"bound\":true,\"full_width\":true,\"_sow_form_id\":\"502101145af015fe9946b896430083\",\"_sow_form_timestamp\":\"1526551580358\",\"new_window\":false},\"args\":{\"before_widget\":\"<div id=\"panel-188-0-0-0\" class=\"so-panel widget widget_sow-image panel-first-child panel-last-child\" data-index=\"0\" data-style=\"{&quot;background_image_attachment&quot;:false,&quot;background_display&quot;:&quot;tile&quot;}\" >\",\"after_widget\":\"<\/div>\",\"before_title\":\"<h3 class=\"widget-title\">\",\"after_title\":\"<\/h3>\",\"widget_id\":\"widget-0-0-0\"}}\" \/>[\/siteorigin_widget]<\/div><\/div><div id=\"pgc-188-0-1\"  class=\"panel-grid-cell\"  data-weight=\"0.70034246575342\" ><div id=\"panel-188-0-1-0\" class=\"so-panel widget widget_black-studio-tinymce widget_black_studio_tinymce panel-first-child panel-last-child\" data-index=\"1\" data-style=\"{\"background_image_attachment\":false,\"background_display\":\"tile\"}\" ><div class=\"textwidget\"><h4><span style=\"color: #1e3759;\"><strong>Responsable \u00e9ditorial :<\/strong><\/span>\r\nAILLERET S\u00e9bastien<\/h4>\r\n<h4><span style=\"color: #1e3759;\"><strong>Responsable technique :<\/strong><\/span>\r\nAILLERET S\u00e9bastien<\/h4>\r\n<h4><span style=\"color: #1e3759;\"><strong>H\u00e9bergement :<\/strong> :<\/span>\r\nOVH<\/h4>\r\n<h4><span style=\"color: #1e3759;\"><strong>Propri\u00e9t\u00e9 du site internet :<\/strong><\/span>\r\n<a href=\"http:\/\/www.mazetsante.fr\" target=\"_blank\" rel=\"noopener\">MAZET SANTE<\/a>\r\nToute reproduction du site, m\u00eame partielle, est strictement interdite sans l\u2019autorisation \u00e9crite pr\u00e9alable de\u00a0MAZET SANTE.<\/h4>\r\n<h4><span style=\"color: #1e3759;\"><strong>Cr\u00e9ation du site internet :<\/strong><\/span>\r\n<em><a href=\"http:\/\/www.graphitus.com\" target=\"_blank\" rel=\"noopener\">graphitus.com<\/a><\/em><\/h4><\/div><\/div><\/div><\/div><\/div>","_et_gb_content_width":"","footnotes":""},"class_list":["post-1034","page","type-page","status-publish","hentry"],"_links":{"self":[{"href":"https:\/\/mazetbeaute.fr\/en\/wp-json\/wp\/v2\/pages\/1034","targetHints":{"allow":["GET"]}}],"collection":[{"href":"https:\/\/mazetbeaute.fr\/en\/wp-json\/wp\/v2\/pages"}],"about":[{"href":"https:\/\/mazetbeaute.fr\/en\/wp-json\/wp\/v2\/types\/page"}],"author":[{"embeddable":true,"href":"https:\/\/mazetbeaute.fr\/en\/wp-json\/wp\/v2\/users\/2"}],"replies":[{"embeddable":true,"href":"https:\/\/mazetbeaute.fr\/en\/wp-json\/wp\/v2\/comments?post=1034"}],"version-history":[{"count":2,"href":"https:\/\/mazetbeaute.fr\/en\/wp-json\/wp\/v2\/pages\/1034\/revisions"}],"predecessor-version":[{"id":1037,"href":"https:\/\/mazetbeaute.fr\/en\/wp-json\/wp\/v2\/pages\/1034\/revisions\/1037"}],"wp:attachment":[{"href":"https:\/\/mazetbeaute.fr\/en\/wp-json\/wp\/v2\/media?parent=1034"}],"curies":[{"name":"wp","href":"https:\/\/api.w.org\/{rel}","templated":true}]}}