{"id":188,"date":"2018-05-07T11:04:13","date_gmt":"2018-05-07T09:04:13","guid":{"rendered":"http:\/\/mazetbeaute.fr\/?page_id=188"},"modified":"2020-11-03T11:09:54","modified_gmt":"2020-11-03T10:09:54","slug":"mentions-legales","status":"publish","type":"page","link":"https:\/\/mazetbeaute.fr\/en\/mentions-legales\/","title":{"rendered":"Mentions l\u00e9gales"},"content":{"rendered":"<div id=\"pl-188\"  class=\"panel-layout\" >\n<div id=\"pg-188-0\"  class=\"panel-grid panel-no-style\"  data-style=\"{&quot;background_image_attachment&quot;:false,&quot;background_display&quot;:&quot;tile&quot;,&quot;cell_alignment&quot;:&quot;flex-start&quot;}\"  data-ratio=\"1\"  data-ratio-direction=\"right\" >\n<div id=\"pgc-188-0-0\"  class=\"panel-grid-cell\"  data-weight=\"0.29965753424658\" >\n<div id=\"panel-188-0-0-0\" class=\"so-panel widget widget_sow-image panel-first-child panel-last-child\" data-index=\"0\" data-style=\"{&quot;background_image_attachment&quot;:false,&quot;background_display&quot;:&quot;tile&quot;}\" ><div\n\t\t\t\n\t\t\tclass=\"so-widget-sow-image so-widget-sow-image-default-dbf295114b96\"\n\t\t\t\n\t\t>\n<div class=\"sow-image-container\">\n\t\t<img \n\tsrc=\"https:\/\/mazetbeaute.fr\/wp-content\/uploads\/2018\/05\/mentions-legales.jpg\" width=\"500\" height=\"500\" srcset=\"https:\/\/mazetbeaute.fr\/wp-content\/uploads\/2018\/05\/mentions-legales.jpg 500w, https:\/\/mazetbeaute.fr\/wp-content\/uploads\/2018\/05\/mentions-legales-150x150.jpg 150w, https:\/\/mazetbeaute.fr\/wp-content\/uploads\/2018\/05\/mentions-legales-300x300.jpg 300w\" sizes=\"(max-width: 500px) 100vw, 500px\" title=\"mentions legales\" alt=\"\" \t\tclass=\"so-widget-image\"\/>\n\t<\/div>\n\n<\/div><\/div>\n<\/div>\n<div id=\"pgc-188-0-1\"  class=\"panel-grid-cell\"  data-weight=\"0.70034246575342\" >\n<div id=\"panel-188-0-1-0\" class=\"so-panel widget widget_black-studio-tinymce widget_black_studio_tinymce panel-first-child panel-last-child\" data-index=\"1\" data-style=\"{&quot;background_image_attachment&quot;:false,&quot;background_display&quot;:&quot;tile&quot;}\" >\n<div class=\"textwidget\">\n<h4><span style=\"color: #1e3759;\"><strong>Responsable \u00e9ditorial :<\/strong><\/span><br \/>\nAILLERET S\u00e9bastien<\/h4>\n<h4><span style=\"color: #1e3759;\"><strong>Responsable technique :<\/strong><\/span><br \/>\nAILLERET S\u00e9bastien<\/h4>\n<h4><span style=\"color: #1e3759;\"><strong>H\u00e9bergement :<\/strong> :<\/span><br \/>\nOVH<\/h4>\n<h4><span style=\"color: #1e3759;\"><strong>Propri\u00e9t\u00e9 du site internet :<\/strong><\/span><br \/>\n<a href=\"http:\/\/www.mazetsante.fr\" target=\"_blank\" rel=\"noopener noreferrer\">MAZET SANTE<\/a><br \/>\nToute reproduction du site, m\u00eame partielle, est strictement interdite sans l\u2019autorisation \u00e9crite pr\u00e9alable de\u00a0MAZET SANTE.<\/h4>\n<h4><span style=\"color: #1e3759;\"><strong>Cr\u00e9ation du site internet :<\/strong><\/span><br \/>\n<em><a href=\"http:\/\/www.graphitus.com\" target=\"_blank\" rel=\"noopener noreferrer\">graphitus.com<\/a><\/em><\/h4>\n<\/div>\n<\/div>\n<\/div>\n<\/div>\n<\/div>","protected":false},"excerpt":{"rendered":"<p><div\n\t\t\t\n\t\t\tclass=\"so-widget-sow-image so-widget-sow-image-default-8b5b6f678277\"\n\t\t\t\n\t\t><\/div>Responsable \u00e9ditorial : AILLERET S\u00e9bastien Responsable technique : AILLERET S\u00e9bastien H\u00e9bergement : : OVH Propri\u00e9t\u00e9 du site internet : MAZET SANTE Toute reproduction du site, m\u00eame partielle, est strictement interdite sans l\u2019autorisation \u00e9crite pr\u00e9alable de\u00a0MAZET SANTE. Cr\u00e9ation du site internet : graphitus.com<\/p>","protected":false},"author":2,"featured_media":0,"parent":0,"menu_order":0,"comment_status":"closed","ping_status":"closed","template":"","meta":{"_et_pb_use_builder":"on","_et_pb_old_content":"<div id=\"pl-188\"  class=\"panel-layout\" ><div id=\"pg-188-0\"  class=\"panel-grid panel-no-style\"  data-style=\"{\"background_image_attachment\":false,\"background_display\":\"tile\",\"cell_alignment\":\"flex-start\"}\"  data-ratio=\"1\"  data-ratio-direction=\"right\" ><div id=\"pgc-188-0-0\"  class=\"panel-grid-cell\"  data-weight=\"0.29965753424658\" ><div id=\"panel-188-0-0-0\" class=\"so-panel widget widget_sow-image panel-first-child panel-last-child\" data-index=\"0\" data-style=\"{\"background_image_attachment\":false,\"background_display\":\"tile\"}\" >[siteorigin_widget class=\"SiteOrigin_Widget_Image_Widget\"]<input type=\"hidden\" value=\"{\"instance\":{\"image\":564,\"image_fallback\":\"\",\"size\":\"full\",\"align\":\"default\",\"title_align\":\"default\",\"title\":\"\",\"title_position\":\"hidden\",\"alt\":\"\",\"url\":\"\",\"bound\":true,\"full_width\":true,\"_sow_form_id\":\"502101145af015fe9946b896430083\",\"_sow_form_timestamp\":\"1526551580358\",\"new_window\":false},\"args\":{\"before_widget\":\"<div id=\"panel-188-0-0-0\" class=\"so-panel widget widget_sow-image panel-first-child panel-last-child\" data-index=\"0\" data-style=\"{&quot;background_image_attachment&quot;:false,&quot;background_display&quot;:&quot;tile&quot;}\" >\",\"after_widget\":\"<\/div>\",\"before_title\":\"<h3 class=\"widget-title\">\",\"after_title\":\"<\/h3>\",\"widget_id\":\"widget-0-0-0\"}}\" \/>[\/siteorigin_widget]<\/div><\/div><div id=\"pgc-188-0-1\"  class=\"panel-grid-cell\"  data-weight=\"0.70034246575342\" ><div id=\"panel-188-0-1-0\" class=\"so-panel widget widget_black-studio-tinymce widget_black_studio_tinymce panel-first-child panel-last-child\" data-index=\"1\" data-style=\"{\"background_image_attachment\":false,\"background_display\":\"tile\"}\" ><div class=\"textwidget\"><h4><span style=\"color: #1e3759;\"><strong>Responsable \u00e9ditorial :<\/strong><\/span>\r\nAILLERET S\u00e9bastien<\/h4>\r\n<h4><span style=\"color: #1e3759;\"><strong>Responsable technique :<\/strong><\/span>\r\nAILLERET S\u00e9bastien<\/h4>\r\n<h4><span style=\"color: #1e3759;\"><strong>H\u00e9bergement :<\/strong> :<\/span>\r\nOVH<\/h4>\r\n<h4><span style=\"color: #1e3759;\"><strong>Propri\u00e9t\u00e9 du site internet :<\/strong><\/span>\r\n<a href=\"http:\/\/www.mazetsante.fr\" target=\"_blank\" rel=\"noopener\">MAZET SANTE<\/a>\r\nToute reproduction du site, m\u00eame partielle, est strictement interdite sans l\u2019autorisation \u00e9crite pr\u00e9alable de\u00a0MAZET SANTE.<\/h4>\r\n<h4><span style=\"color: #1e3759;\"><strong>Cr\u00e9ation du site internet :<\/strong><\/span>\r\n<em><a href=\"http:\/\/www.graphitus.com\" target=\"_blank\" rel=\"noopener\">graphitus.com<\/a><\/em><\/h4><\/div><\/div><\/div><\/div><\/div>","_et_gb_content_width":"","footnotes":""},"class_list":["post-188","page","type-page","status-publish","hentry"],"_links":{"self":[{"href":"https:\/\/mazetbeaute.fr\/en\/wp-json\/wp\/v2\/pages\/188","targetHints":{"allow":["GET"]}}],"collection":[{"href":"https:\/\/mazetbeaute.fr\/en\/wp-json\/wp\/v2\/pages"}],"about":[{"href":"https:\/\/mazetbeaute.fr\/en\/wp-json\/wp\/v2\/types\/page"}],"author":[{"embeddable":true,"href":"https:\/\/mazetbeaute.fr\/en\/wp-json\/wp\/v2\/users\/2"}],"replies":[{"embeddable":true,"href":"https:\/\/mazetbeaute.fr\/en\/wp-json\/wp\/v2\/comments?post=188"}],"version-history":[{"count":10,"href":"https:\/\/mazetbeaute.fr\/en\/wp-json\/wp\/v2\/pages\/188\/revisions"}],"predecessor-version":[{"id":1033,"href":"https:\/\/mazetbeaute.fr\/en\/wp-json\/wp\/v2\/pages\/188\/revisions\/1033"}],"wp:attachment":[{"href":"https:\/\/mazetbeaute.fr\/en\/wp-json\/wp\/v2\/media?parent=188"}],"curies":[{"name":"wp","href":"https:\/\/api.w.org\/{rel}","templated":true}]}}