{"id":843,"date":"2020-10-20T19:18:48","date_gmt":"2020-10-20T17:18:48","guid":{"rendered":"http:\/\/mazetbeaute.fr\/?page_id=843"},"modified":"2025-04-22T15:48:40","modified_gmt":"2025-04-22T13:48:40","slug":"la-societe","status":"publish","type":"page","link":"https:\/\/mazetbeaute.fr\/en\/la-societe\/","title":{"rendered":"The company"},"content":{"rendered":"<p>[et_pb_section fb_built=&#8221;1&#8243; custom_padding_last_edited=&#8221;on|phone&#8221; admin_label=&#8221;Header&#8221; _builder_version=&#8221;4.27.4&#8243; use_background_color_gradient=&#8221;on&#8221; background_color_gradient_type=&#8221;circular&#8221; background_color_gradient_direction_radial=&#8221;right&#8221; background_color_gradient_stops=&#8221;rgba(255,255,255,0) 0%|#f9fafc 100%&#8221; background_color_gradient_overlays_image=&#8221;on&#8221; background_color_gradient_start=&#8221;rgba(255,255,255,0)&#8221; background_color_gradient_end=&#8221;#f9fafc&#8221; background_image=&#8221;http:\/\/mazetbeaute.fr\/wp-content\/uploads\/2020\/10\/Fotolia_24798503_Subscription_XL.jpg&#8221; background_position=&#8221;center_right&#8221; custom_margin=&#8221;|||&#8221; custom_padding=&#8221;0vw||0vw||true|false&#8221; custom_padding_tablet=&#8221;||||false|false&#8221; custom_padding_phone=&#8221;||||false|false&#8221; hover_enabled=&#8221;0&#8243; global_colors_info=&#8221;{}&#8221; sticky_enabled=&#8221;0&#8243; title_text=&#8221;P1010384 (1)&#8221; background_video_mp4=&#8221;https:\/\/mazetbeaute.fr\/wp-content\/uploads\/2025\/04\/P1010384-1.mp4&#8243;][et_pb_row column_structure=&#8221;1_2,1_2&#8243; _builder_version=&#8221;4.16&#8243; max_width=&#8221;1280px&#8221; use_custom_width=&#8221;on&#8221; custom_width_px=&#8221;1280px&#8221; global_colors_info=&#8221;{}&#8221; custom_margin=&#8221;177px|auto|177px|auto|true|&#8221; min_height=&#8221;163.3px&#8221;][et_pb_column type=&#8221;1_2&#8243; _builder_version=&#8221;4.16&#8243; custom_padding=&#8221;|||&#8221; global_colors_info=&#8221;{}&#8221; custom_padding__hover=&#8221;|||&#8221;][et_pb_text _builder_version=&#8221;4.16&#8243; text_font=&#8221;||||||||&#8221; header_font=&#8221;Titillium Web|700|||||||&#8221; header_text_color=&#8221;#233756&#8243; header_font_size=&#8221;60px&#8221; header_2_font=&#8221;||||||||&#8221; header_2_text_color=&#8221;#000000&#8243; header_2_font_size=&#8221;20px&#8221; header_2_line_height=&#8221;1.6em&#8221; text_orientation=&#8221;center&#8221; custom_margin=&#8221;||14px|||&#8221; animation_style=&#8221;slide&#8221; animation_direction=&#8221;bottom&#8221; header_font_size_tablet=&#8221;35px&#8221; header_font_size_phone=&#8221;25px&#8221; header_font_size_last_edited=&#8221;on|desktop&#8221; global_colors_info=&#8221;{}&#8221;]<\/p>\n<h1 style=\"text-align: center;\"><span style=\"color: #ffffff;\">Mazet Beaut\u00e9<\/span><\/h1>\n<h2 style=\"text-align: center;\"><span style=\"color: #ffffff;\">une marque du groupe<\/span><\/h2>\n<p>[\/et_pb_text][et_pb_image src=&#8221;http:\/\/mazetbeaute.fr\/wp-content\/uploads\/2020\/10\/logo-electronique-du-mazet.png&#8221; title_text=&#8221;logo-electronique-du-mazet&#8221; _builder_version=&#8221;4.16&#8243; width=&#8221;50%&#8221; module_alignment=&#8221;center&#8221; global_colors_info=&#8221;{}&#8221;][\/et_pb_image][\/et_pb_column][et_pb_column type=&#8221;1_2&#8243; _builder_version=&#8221;4.16&#8243; custom_padding=&#8221;|||&#8221; global_colors_info=&#8221;{}&#8221; custom_padding__hover=&#8221;|||&#8221;][\/et_pb_column][\/et_pb_row][\/et_pb_section][et_pb_section fb_built=&#8221;1&#8243; admin_label=&#8221;Contact Info&#8221; _builder_version=&#8221;4.16&#8243; background_image=&#8221;http:\/\/mazetbeaute.fr\/wp-content\/uploads\/2020\/10\/dentist-04.png&#8221; background_size=&#8221;initial&#8221; background_position=&#8221;top_center&#8221; custom_padding=&#8221;0|0px|76px|0px|false|false&#8221; global_colors_info=&#8221;{}&#8221;][et_pb_row column_structure=&#8221;1_3,1_3,1_3&#8243; custom_padding_last_edited=&#8221;on|desktop&#8221; _builder_version=&#8221;4.27.4&#8243; use_background_color_gradient=&#8221;on&#8221; background_color_gradient_direction=&#8221;108deg&#8221; background_color_gradient_stops=&#8221;#efeff1 0%|#d9d0cf 86%&#8221; background_color_gradient_start=&#8221;#efeff1&#8243; background_color_gradient_end=&#8221;#d9d0cf&#8221; max_width=&#8221;1306px&#8221; module_alignment=&#8221;center&#8221; custom_margin=&#8221;|auto|-28px|auto||&#8221; custom_padding=&#8221;70px|0vw|70px|0vw|true|true&#8221; custom_padding_tablet=&#8221;|5vw||5vw||true&#8221; custom_padding_phone=&#8221;|5vw||5vw||true&#8221; animation_style=&#8221;zoom&#8221; animation_direction=&#8221;top&#8221; animation_intensity_zoom=&#8221;1%&#8221; hover_enabled=&#8221;0&#8243; border_radii=&#8221;|||14vw|14vw&#8221; box_shadow_style=&#8221;preset1&#8243; box_shadow_vertical=&#8221;20px&#8221; box_shadow_blur=&#8221;50px&#8221; box_shadow_color=&#8221;rgba(0,121,255,0.2)&#8221; use_custom_width=&#8221;on&#8221; custom_width_px=&#8221;1280px&#8221; global_colors_info=&#8221;{}&#8221; min_height=&#8221;218px&#8221; sticky_enabled=&#8221;0&#8243;][et_pb_column type=&#8221;1_3&#8243; _builder_version=&#8221;4.16&#8243; custom_padding=&#8221;|||&#8221; custom_padding_tablet=&#8221;40px|||&#8221; custom_padding_phone=&#8221;20px|||&#8221; custom_padding_last_edited=&#8221;off|desktop&#8221; global_colors_info=&#8221;{}&#8221; padding_phone=&#8221;20px|||&#8221; padding_tablet=&#8221;40px|||&#8221; padding_last_edited=&#8221;off|desktop&#8221; custom_padding__hover=&#8221;|||&#8221;][et_pb_blurb title=&#8221;45 ans d&#8217;innovations&#8221; use_icon=&#8221;on&#8221; font_icon=&#8221;&#xe072;||divi||400&#8243; icon_color=&#8221;#424242&#8243; icon_placement=&#8221;left&#8221; _builder_version=&#8221;4.27.4&#8243; header_level=&#8221;h2&#8243; header_font=&#8221;Titillium Web|700|||||||&#8221; header_text_color=&#8221;#424242&#8243; header_font_size=&#8221;25px&#8221; header_line_height=&#8221;1.6em&#8221; body_font=&#8221;||||||||&#8221; body_text_color=&#8221;#424242&#8243; body_line_height=&#8221;2em&#8221; background_layout=&#8221;dark&#8221; animation=&#8221;off&#8221; global_colors_info=&#8221;{}&#8221;]<\/p>\n<p>Une expertise reconnue dans un domaine de pointe, port\u00e9e par l&#8217;exp\u00e9rience et la passion.<\/p>\n<p>[\/et_pb_blurb][\/et_pb_column][et_pb_column type=&#8221;1_3&#8243; _builder_version=&#8221;4.16&#8243; custom_padding=&#8221;|||&#8221; custom_padding_tablet=&#8221;40px|||&#8221; custom_padding_phone=&#8221;20px|||&#8221; custom_padding_last_edited=&#8221;off|desktop&#8221; global_colors_info=&#8221;{}&#8221; padding_phone=&#8221;20px|||&#8221; padding_tablet=&#8221;40px|||&#8221; padding_last_edited=&#8221;off|desktop&#8221; custom_padding__hover=&#8221;|||&#8221;][et_pb_blurb title=&#8221;Plus de 50 salari\u00e9s&#8221; use_icon=&#8221;on&#8221; font_icon=&#8221;&#xe08b;||divi||400&#8243; icon_color=&#8221;#424242&#8243; icon_placement=&#8221;left&#8221; _builder_version=&#8221;4.27.4&#8243; header_level=&#8221;h2&#8243; header_font=&#8221;Titillium Web|700|||||||&#8221; header_text_color=&#8221;#424242&#8243; header_font_size=&#8221;25px&#8221; header_line_height=&#8221;1.6em&#8221; body_font=&#8221;||||||||&#8221; body_text_color=&#8221;#424242&#8243; body_line_height=&#8221;2em&#8221; background_layout=&#8221;dark&#8221; animation=&#8221;off&#8221; global_colors_info=&#8221;{}&#8221;]<\/p>\n<p>Pr\u00e9sents entre la Haute Loire , c\u0153ur historique de notre production, et nos bureaux Marketing et Commercial \u00e0 D\u00e9cines (69), nos talents unissent savoir-faire terrain et strat\u00e9gie pour faire rayonner l\u2019entreprise.<\/p>\n<p>[\/et_pb_blurb][\/et_pb_column][et_pb_column type=&#8221;1_3&#8243; _builder_version=&#8221;4.16&#8243; custom_padding=&#8221;|||&#8221; custom_padding_tablet=&#8221;40px|||&#8221; custom_padding_phone=&#8221;20px|||&#8221; custom_padding_last_edited=&#8221;off|desktop&#8221; global_colors_info=&#8221;{}&#8221; padding_phone=&#8221;20px|||&#8221; padding_tablet=&#8221;40px|||&#8221; padding_last_edited=&#8221;off|desktop&#8221; custom_padding__hover=&#8221;|||&#8221;][et_pb_blurb title=&#8221;2700 m2 de locaux&#8221; use_icon=&#8221;on&#8221; font_icon=&#8221;&#xe0fd;||divi||400&#8243; icon_color=&#8221;#424242&#8243; icon_placement=&#8221;left&#8221; _builder_version=&#8221;4.27.4&#8243; header_level=&#8221;h2&#8243; header_font=&#8221;Titillium Web|700|||||||&#8221; header_text_color=&#8221;#424242&#8243; header_font_size=&#8221;25px&#8221; header_line_height=&#8221;1.6em&#8221; body_font=&#8221;||||||||&#8221; body_text_color=&#8221;#424242&#8243; body_line_height=&#8221;2em&#8221; background_layout=&#8221;dark&#8221; animation=&#8221;off&#8221; global_colors_info=&#8221;{}&#8221;]<\/p>\n<p>Pour assurer recherche, d\u00e9veloppement conception et fabrication.<\/p>\n<p>[\/et_pb_blurb][\/et_pb_column][\/et_pb_row][\/et_pb_section][et_pb_section fb_built=&#8221;1&#8243; admin_label=&#8221;Our Services&#8221; _builder_version=&#8221;4.16&#8243; use_background_color_gradient=&#8221;on&#8221; background_color_gradient_stops=&#8221;#ffffff 0%|#eff1f4 100%&#8221; background_color_gradient_start=&#8221;#ffffff&#8221; background_color_gradient_end=&#8221;#eff1f4&#8243; background_image=&#8221;http:\/\/mazetbeaute.fr\/wp-content\/uploads\/2020\/10\/dentist-19.png&#8221; bottom_divider_style=&#8221;wave&#8221; bottom_divider_color=&#8221;#ffffff&#8221; global_colors_info=&#8221;{}&#8221;][et_pb_row column_structure=&#8221;1_2,1_2&#8243; _builder_version=&#8221;4.16&#8243; global_colors_info=&#8221;{}&#8221;][et_pb_column type=&#8221;1_2&#8243; _builder_version=&#8221;4.16&#8243; custom_padding=&#8221;|||&#8221; custom_padding_tablet=&#8221;0px||0px|&#8221; global_colors_info=&#8221;{}&#8221; padding_tablet=&#8221;0px||0px|&#8221; custom_padding__hover=&#8221;|||&#8221;][et_pb_image src=&#8221;http:\/\/mazetbeaute.fr\/wp-content\/uploads\/2020\/10\/engineer-4915445_1280.jpg&#8221; title_text=&#8221;engineer-4915445_1280&#8243; _builder_version=&#8221;4.16&#8243; border_radii=&#8221;off||100px||100px&#8221; global_colors_info=&#8221;{}&#8221;][\/et_pb_image][\/et_pb_column][et_pb_column type=&#8221;1_2&#8243; _builder_version=&#8221;4.16&#8243; custom_padding=&#8221;|||&#8221; custom_padding_tablet=&#8221;0px||0px|&#8221; global_colors_info=&#8221;{}&#8221; padding_tablet=&#8221;0px||0px|&#8221; custom_padding__hover=&#8221;|||&#8221;][et_pb_text _builder_version=&#8221;4.16&#8243; text_font=&#8221;Open Sans||||||||&#8221; text_text_color=&#8221;#424242&#8243; text_line_height=&#8221;2em&#8221; header_font=&#8221;||||||||&#8221; header_2_font=&#8221;Titillium Web|600|||||||&#8221; header_2_text_color=&#8221;#424242&#8243; header_2_font_size=&#8221;50px&#8221; header_2_font_size_tablet=&#8221;35px&#8221; header_2_font_size_phone=&#8221;25px&#8221; header_2_font_size_last_edited=&#8221;on|phone&#8221; global_colors_info=&#8221;{}&#8221;]<\/p>\n<h2 style=\"text-align: left;\">45 ans d\u2019expertise<\/h2>\n<p style=\"text-align: left;\">Mazet Beaut\u00e9 est une marque du groupe Electronique du Mazet.<br \/>Situ\u00e9e sur les plateaux du Haut Lignon en Haute-Loire depuis plus de 40 ans, la soci\u00e9t\u00e9 Electronique du Mazet est devenue experte en conception et fabrication d&#8217;appareils esth\u00e9tique (de la marque Mazet Beaut\u00e9).<\/p>\n<p>[\/et_pb_text][\/et_pb_column][\/et_pb_row][et_pb_row column_structure=&#8221;1_2,1_2&#8243; _builder_version=&#8221;4.16&#8243; global_colors_info=&#8221;{}&#8221;][et_pb_column type=&#8221;1_2&#8243; _builder_version=&#8221;4.16&#8243; global_colors_info=&#8221;{}&#8221;][et_pb_text _builder_version=&#8221;4.16&#8243; text_font=&#8221;Open Sans||||||||&#8221; text_text_color=&#8221;#424242&#8243; text_line_height=&#8221;2em&#8221; header_font=&#8221;||||||||&#8221; header_2_font=&#8221;Titillium Web|600|||||||&#8221; header_2_text_color=&#8221;#424242&#8243; header_2_font_size=&#8221;50px&#8221; header_2_font_size_tablet=&#8221;35px&#8221; header_2_font_size_phone=&#8221;25px&#8221; header_2_font_size_last_edited=&#8221;on|phone&#8221; global_colors_info=&#8221;{}&#8221;]<\/p>\n<h2>Made in France<\/h2>\n<p>Les produits Mazet Beaut\u00e9 accompagnent les professionnels de l&#8217;esth\u00e9tique depuis plus de 45 ans. Tous nos produits sont e\u0301tudie\u0301s et de\u0301veloppe\u0301s en collaboration avec nos e\u0301quipes d\u2019inge\u0301nieurs professionnels re\u0301fe\u0301rents pour valider l\u2019ergonomie des produits et les protocoles cliniques. Nos productions sont re\u0301alise\u0301es dans notre atelier de 2700m2, ou\u0300 travaillent plus de 50 salarie\u0301s.<\/p>\n<p>[\/et_pb_text][\/et_pb_column][et_pb_column type=&#8221;1_2&#8243; _builder_version=&#8221;4.16&#8243; global_colors_info=&#8221;{}&#8221;][et_pb_image src=&#8221;http:\/\/mazetbeaute.fr\/wp-content\/uploads\/2021\/04\/photo-page-societe.png&#8221; title_text=&#8221;photo page societe&#8221; align=&#8221;center&#8221; _builder_version=&#8221;4.27.4&#8243; width=&#8221;100%&#8221; border_radii=&#8221;off||100px||100px&#8221; border_width_all=&#8221;2px&#8221; border_color_all=&#8221;#1d3655&#8243; border_style_all=&#8221;none&#8221; global_colors_info=&#8221;{}&#8221; hover_enabled=&#8221;0&#8243; sticky_enabled=&#8221;0&#8243;][\/et_pb_image][\/et_pb_column][\/et_pb_row][et_pb_row column_structure=&#8221;1_2,1_2&#8243; _builder_version=&#8221;4.27.4&#8243; hover_enabled=&#8221;0&#8243; global_colors_info=&#8221;{}&#8221; sticky_enabled=&#8221;0&#8243;][et_pb_column type=&#8221;1_2&#8243; _builder_version=&#8221;4.16&#8243; global_colors_info=&#8221;{}&#8221;][et_pb_image src=&#8221;https:\/\/mazetbeaute.fr\/wp-content\/uploads\/2025\/04\/IMG_1182-2-scaled-e1745329391472.jpg&#8221; title_text=&#8221;IMG_1182&#8243; align=&#8221;center&#8221; _builder_version=&#8221;4.27.4&#8243; width=&#8221;100%&#8221; border_radii=&#8221;off||100px||100px&#8221; global_colors_info=&#8221;{}&#8221; hover_enabled=&#8221;0&#8243; sticky_enabled=&#8221;0&#8243; custom_margin=&#8221;|47px||||&#8221;][\/et_pb_image][\/et_pb_column][et_pb_column type=&#8221;1_2&#8243; _builder_version=&#8221;4.16&#8243; global_colors_info=&#8221;{}&#8221;][et_pb_text _builder_version=&#8221;4.16&#8243; text_font=&#8221;Open Sans||||||||&#8221; text_text_color=&#8221;#424242&#8243; text_line_height=&#8221;2em&#8221; header_font=&#8221;||||||||&#8221; header_2_font=&#8221;Titillium Web|600|||||||&#8221; header_2_text_color=&#8221;#424242&#8243; header_2_font_size=&#8221;50px&#8221; header_2_font_size_tablet=&#8221;35px&#8221; header_2_font_size_phone=&#8221;25px&#8221; header_2_font_size_last_edited=&#8221;on|phone&#8221; global_colors_info=&#8221;{}&#8221;]<\/p>\n<h2>Qualit\u00e9 certifi\u00e9e<\/h2>\n<p>Les appareils Mazet Beaut\u00e9 sont con\u00e7us \u00e0 partir de technologies d\u00e9velopp\u00e9es dans le domaine m\u00e9dical. Ils b\u00e9n\u00e9ficient du m\u00eame niveau d\u2019exigence, de pr\u00e9cision et de qualit\u00e9 que les dispositifs destin\u00e9s au secteur de la sant\u00e9.<\/p>\n<p>Nos appareils r\u00e9pondent aux normes en vigueur, gage de leur fiabilit\u00e9 et de leur s\u00e9curit\u00e9<\/p>\n<p>[\/et_pb_text][\/et_pb_column][\/et_pb_row][\/et_pb_section][et_pb_section fb_built=&#8221;1&#8243; theme_builder_area=&#8221;post_content&#8221; _builder_version=&#8221;4.27.4&#8243; _module_preset=&#8221;default&#8221; custom_padding=&#8221;0px||104px|||&#8221;][et_pb_row column_structure=&#8221;1_2,1_2&#8243; _builder_version=&#8221;4.16&#8243; global_colors_info=&#8221;{}&#8221; custom_margin=&#8221;5px|auto||auto||&#8221; theme_builder_area=&#8221;post_content&#8221;][et_pb_column type=&#8221;1_2&#8243; _builder_version=&#8221;4.16&#8243; global_colors_info=&#8221;{}&#8221; theme_builder_area=&#8221;post_content&#8221;][et_pb_text _builder_version=&#8221;4.16&#8243; text_font=&#8221;Open Sans||||||||&#8221; text_text_color=&#8221;#424242&#8243; text_line_height=&#8221;2em&#8221; header_font=&#8221;||||||||&#8221; header_2_font=&#8221;Titillium Web|600|||||||&#8221; header_2_text_color=&#8221;#424242&#8243; header_2_font_size=&#8221;50px&#8221; header_2_font_size_tablet=&#8221;35px&#8221; header_2_font_size_phone=&#8221;25px&#8221; header_2_font_size_last_edited=&#8221;on|phone&#8221; global_colors_info=&#8221;{}&#8221; theme_builder_area=&#8221;post_content&#8221;]<\/p>\n<h2>Un accompagnement complet<\/h2>\n<p>Parce qu\u2019un accompagnement de qualit\u00e9 est essentiel, notre \u00e9quipe commerciale et notre service apr\u00e8s-vente sont toujours disponibles pour vous conseiller et r\u00e9pondre \u00e0 vos questions. Nos appareils sont garantis 2 ans, et leurs accessoires b\u00e9n\u00e9ficient d&#8217;une garantie de 6 mois, pour vous offrir s\u00e9r\u00e9nit\u00e9 et confiance, m\u00eame apr\u00e8s votre achat.<\/p>\n<p>[\/et_pb_text][\/et_pb_column][et_pb_column type=&#8221;1_2&#8243; _builder_version=&#8221;4.16&#8243; global_colors_info=&#8221;{}&#8221; theme_builder_area=&#8221;post_content&#8221;][et_pb_image src=&#8221;https:\/\/mazetbeaute.fr\/wp-content\/uploads\/2025\/04\/photo_4-scaled-e1745329445481.jpeg&#8221; title_text=&#8221;photo_4&#8243; align=&#8221;center&#8221; _builder_version=&#8221;4.27.4&#8243; width=&#8221;100%&#8221; hover_enabled=&#8221;0&#8243; border_radii=&#8221;off||100px||100px&#8221; border_width_all=&#8221;2px&#8221; border_color_all=&#8221;#1d3655&#8243; border_style_all=&#8221;none&#8221; global_colors_info=&#8221;{}&#8221; theme_builder_area=&#8221;post_content&#8221; sticky_enabled=&#8221;0&#8243; custom_padding=&#8221;||0px|||&#8221; custom_margin=&#8221;||-80px|||&#8221;][\/et_pb_image][\/et_pb_column][\/et_pb_row][\/et_pb_section]<\/p>\n","protected":false},"excerpt":{"rendered":"<p>Mazet Beaut\u00e9 une marque du groupeUne expertise reconnue dans un domaine de pointe, port\u00e9e par l&#8217;exp\u00e9rience et la passion.Pr\u00e9sents entre la Haute Loire , c\u0153ur historique de notre production, et nos bureaux Marketing et Commercial \u00e0 D\u00e9cines (69), nos talents unissent savoir-faire terrain et strat\u00e9gie pour faire rayonner l\u2019entreprise.Pour assurer recherche, d\u00e9veloppement conception et fabrication.45 [&hellip;]<\/p>\n","protected":false},"author":2,"featured_media":0,"parent":0,"menu_order":0,"comment_status":"closed","ping_status":"closed","template":"","meta":{"_et_pb_use_builder":"on","_et_pb_old_content":"","_et_gb_content_width":"","footnotes":""},"class_list":["post-843","page","type-page","status-publish","hentry"],"_links":{"self":[{"href":"https:\/\/mazetbeaute.fr\/en\/wp-json\/wp\/v2\/pages\/843","targetHints":{"allow":["GET"]}}],"collection":[{"href":"https:\/\/mazetbeaute.fr\/en\/wp-json\/wp\/v2\/pages"}],"about":[{"href":"https:\/\/mazetbeaute.fr\/en\/wp-json\/wp\/v2\/types\/page"}],"author":[{"embeddable":true,"href":"https:\/\/mazetbeaute.fr\/en\/wp-json\/wp\/v2\/users\/2"}],"replies":[{"embeddable":true,"href":"https:\/\/mazetbeaute.fr\/en\/wp-json\/wp\/v2\/comments?post=843"}],"version-history":[{"count":13,"href":"https:\/\/mazetbeaute.fr\/en\/wp-json\/wp\/v2\/pages\/843\/revisions"}],"predecessor-version":[{"id":2140,"href":"https:\/\/mazetbeaute.fr\/en\/wp-json\/wp\/v2\/pages\/843\/revisions\/2140"}],"wp:attachment":[{"href":"https:\/\/mazetbeaute.fr\/en\/wp-json\/wp\/v2\/media?parent=843"}],"curies":[{"name":"wp","href":"https:\/\/api.w.org\/{rel}","templated":true}]}}